{"id":808,"date":"2018-06-08T20:17:13","date_gmt":"2018-06-09T00:17:13","guid":{"rendered":"http:\/\/www.campinghyatt-tata.com\/?page_id=808\/"},"modified":"2018-06-10T21:57:42","modified_gmt":"2018-06-11T01:57:42","slug":"activities-and-excursions","status":"publish","type":"page","link":"https:\/\/www.campinghyatt-tata.com\/fr\/activities-and-excursions\/","title":{"rendered":"ACTIVITIES"},"content":{"rendered":"<p>[vc_row full_width=\u00a0\u00bbstretch_row\u00a0\u00bb css=\u00a0\u00bb.vc_custom_1528429976664{background-color: #06143e !important;}\u00a0\u00bb][vc_column width=\u00a0\u00bb1\/6&Prime;][\/vc_column][vc_column width=\u00a0\u00bb2\/3&Prime;][vc_column_text]<\/p>\n<p class=\"pricestable\" style=\"color: #ede3db; font-weight: 400 !important; text-align: center;\">Activit\u00e9s \u00e9tonnantes et excursions sur demande pour d\u00e9couvrir TATA et sa culture<\/p>\n<p>[\/vc_column_text][\/vc_column][vc_column width=\u00a0\u00bb1\/6&Prime;][\/vc_column][\/vc_row][vc_row full_width=\u00a0\u00bbstretch_row\u00a0\u00bb css=\u00a0\u00bb.vc_custom_1528429976664{background-color: #06143e !important;}\u00a0\u00bb][vc_column][vc_masonry_media_grid element_width=\u00a0\u00bb6&Prime; gap=\u00a0\u00bb10&Prime; initial_loading_animation=\u00a0\u00bbfadeIn\u00a0\u00bb grid_id=\u00a0\u00bbvc_gid:1528682213511-31dd2063-a021-9&Prime; include=\u00a0\u00bb704,705,706,707,708,709,710,711&Prime;][\/vc_column][\/vc_row][vc_row full_width=\u00a0\u00bbstretch_row_content\u00a0\u00bb content_placement=\u00a0\u00bbmiddle\u00a0\u00bb css=\u00a0\u00bb.vc_custom_1528313240677{background-image: url(http:\/\/www.campinghyatt-tata.com\/wp-content\/uploads\/2018\/06\/footert2.jpg?id=436) !important;}\u00a0\u00bb][vc_column width=\u00a0\u00bb1\/6&Prime;][\/vc_column][vc_column width=\u00a0\u00bb2\/3&Prime;][vc_column_text css=\u00a0\u00bb.vc_custom_1528682257505{margin-bottom: 0px !important;}\u00a0\u00bb]<\/p>\n<h2 style=\"text-align: center; color: #ede3db;\">Contactez-nous<\/h2>\n<p>[\/vc_column_text][vc_empty_space height=\u00a0\u00bb10px\u00a0\u00bb][vc_raw_html el_id=\u00a0\u00bbcalderastyle\u00a0\u00bb]JTVCY2FsZGVyYV9mb3JtJTIwaWQlM0QlMjJDRjViMTgyNGJmOWIzNTUlMjIlNUQ=[\/vc_raw_html][\/vc_column][vc_column width=\u00a0\u00bb1\/6&Prime;][\/vc_column][\/vc_row]<\/p>\n","protected":false},"excerpt":{"rendered":"<p>[vc_row full_width=\u00a0\u00bbstretch_row\u00a0\u00bb css=\u00a0\u00bb.vc_custom_1528429976664{background-color: #06143e !important;}\u00a0\u00bb][vc_column width=\u00a0\u00bb1\/6&Prime;][\/vc_column][vc_column width=\u00a0\u00bb2\/3&Prime;][vc_column_text] Activit\u00e9s \u00e9tonnantes et excursions sur demande pour d\u00e9couvrir TATA et sa culture [\/vc_column_text][\/vc_column][vc_column width=\u00a0\u00bb1\/6&Prime;][\/vc_column][\/vc_row][vc_row full_width=\u00a0\u00bbstretch_row\u00a0\u00bb css=\u00a0\u00bb.vc_custom_1528429976664{background-color: #06143e !important;}\u00a0\u00bb][vc_column][vc_masonry_media_grid element_width=\u00a0\u00bb6&Prime;<span class=\"excerpt-hellip\"> [\u2026]<\/span><\/p>\n","protected":false},"author":3,"featured_media":0,"parent":0,"menu_order":0,"comment_status":"closed","ping_status":"closed","template":"","meta":{"inline_featured_image":false,"_exactmetrics_skip_tracking":false,"_exactmetrics_sitenote_active":false,"_exactmetrics_sitenote_note":"","_exactmetrics_sitenote_category":0,"_monsterinsights_skip_tracking":false,"_monsterinsights_sitenote_active":false,"_monsterinsights_sitenote_note":"","_monsterinsights_sitenote_category":0,"_vp_format_video_url":"","_vp_image_focal_point":[],"footnotes":""},"class_list":["post-808","page","type-page","status-publish","hentry"],"yoast_head":"<!-- This site is optimized with the Yoast SEO plugin v26.4 - https:\/\/yoast.com\/wordpress\/plugins\/seo\/ -->\n<title>ACTIVITIES - Camping Hyatt Tata<\/title>\n<meta name=\"robots\" content=\"index, follow, max-snippet:-1, max-image-preview:large, max-video-preview:-1\" \/>\n<link rel=\"canonical\" href=\"https:\/\/www.campinghyatt-tata.com\/activities-and-excursions\/\" \/>\n<meta property=\"og:locale\" content=\"fr_FR\" \/>\n<meta property=\"og:type\" content=\"article\" \/>\n<meta property=\"og:title\" content=\"ACTIVITIES - Camping Hyatt Tata\" \/>\n<meta property=\"og:description\" content=\"[vc_row full_width=\u00a0\u00bbstretch_row\u00a0\u00bb css=\u00a0\u00bb.vc_custom_1528429976664{background-color: #06143e !important;}\u00a0\u00bb][vc_column width=\u00a0\u00bb1\/6&Prime;][\/vc_column][vc_column width=\u00a0\u00bb2\/3&Prime;][vc_column_text] Activit\u00e9s \u00e9tonnantes et excursions sur demande pour d\u00e9couvrir TATA et sa culture [\/vc_column_text][\/vc_column][vc_column width=\u00a0\u00bb1\/6&Prime;][\/vc_column][\/vc_row][vc_row full_width=\u00a0\u00bbstretch_row\u00a0\u00bb css=\u00a0\u00bb.vc_custom_1528429976664{background-color: #06143e !important;}\u00a0\u00bb][vc_column][vc_masonry_media_grid element_width=\u00a0\u00bb6&Prime; [\u2026]\" \/>\n<meta property=\"og:url\" content=\"https:\/\/www.campinghyatt-tata.com\/activities-and-excursions\/\" \/>\n<meta property=\"og:site_name\" content=\"Camping Hyatt Tata\" \/>\n<meta property=\"article:publisher\" content=\"https:\/\/www.facebook.com\/Camping-Hayat-Tata-167969174047759\/\" \/>\n<meta property=\"article:modified_time\" content=\"2018-06-11T01:57:42+00:00\" \/>\n<meta name=\"twitter:card\" content=\"summary_large_image\" \/>\n<meta name=\"twitter:label1\" content=\"Dur\u00e9e de lecture estim\u00e9e\" \/>\n\t<meta name=\"twitter:data1\" content=\"1 minute\" \/>\n<script type=\"application\/ld+json\" class=\"yoast-schema-graph\">{\"@context\":\"https:\/\/schema.org\",\"@graph\":[{\"@type\":\"WebPage\",\"@id\":\"https:\/\/www.campinghyatt-tata.com\/activities-and-excursions\/\",\"url\":\"https:\/\/www.campinghyatt-tata.com\/activities-and-excursions\/\",\"name\":\"ACTIVITIES - Camping Hyatt Tata\",\"isPartOf\":{\"@id\":\"https:\/\/www.campinghyatt-tata.com\/#website\"},\"datePublished\":\"2018-06-09T00:17:13+00:00\",\"dateModified\":\"2018-06-11T01:57:42+00:00\",\"breadcrumb\":{\"@id\":\"https:\/\/www.campinghyatt-tata.com\/activities-and-excursions\/#breadcrumb\"},\"inLanguage\":\"fr-FR\",\"potentialAction\":[{\"@type\":\"ReadAction\",\"target\":[\"https:\/\/www.campinghyatt-tata.com\/activities-and-excursions\/\"]}]},{\"@type\":\"BreadcrumbList\",\"@id\":\"https:\/\/www.campinghyatt-tata.com\/activities-and-excursions\/#breadcrumb\",\"itemListElement\":[{\"@type\":\"ListItem\",\"position\":1,\"name\":\"Home\",\"item\":\"https:\/\/www.campinghyatt-tata.com\/fr\/\"},{\"@type\":\"ListItem\",\"position\":2,\"name\":\"ACTIVITIES\"}]},{\"@type\":\"WebSite\",\"@id\":\"https:\/\/www.campinghyatt-tata.com\/#website\",\"url\":\"https:\/\/www.campinghyatt-tata.com\/\",\"name\":\"Camping Hayat Tata\",\"description\":\"\",\"publisher\":{\"@id\":\"https:\/\/www.campinghyatt-tata.com\/#organization\"},\"potentialAction\":[{\"@type\":\"SearchAction\",\"target\":{\"@type\":\"EntryPoint\",\"urlTemplate\":\"https:\/\/www.campinghyatt-tata.com\/?s={search_term_string}\"},\"query-input\":{\"@type\":\"PropertyValueSpecification\",\"valueRequired\":true,\"valueName\":\"search_term_string\"}}],\"inLanguage\":\"fr-FR\"},{\"@type\":\"Organization\",\"@id\":\"https:\/\/www.campinghyatt-tata.com\/#organization\",\"name\":\"Camping TATA Hayat\",\"url\":\"https:\/\/www.campinghyatt-tata.com\/\",\"logo\":{\"@type\":\"ImageObject\",\"inLanguage\":\"fr-FR\",\"@id\":\"https:\/\/www.campinghyatt-tata.com\/#\/schema\/logo\/image\/\",\"url\":\"https:\/\/www.campinghyatt-tata.com\/wp-content\/uploads\/2018\/06\/logopng.png\",\"contentUrl\":\"https:\/\/www.campinghyatt-tata.com\/wp-content\/uploads\/2018\/06\/logopng.png\",\"width\":160,\"height\":67,\"caption\":\"Camping TATA Hayat\"},\"image\":{\"@id\":\"https:\/\/www.campinghyatt-tata.com\/#\/schema\/logo\/image\/\"},\"sameAs\":[\"https:\/\/www.facebook.com\/Camping-Hayat-Tata-167969174047759\/\"]}]}<\/script>\n<!-- \/ Yoast SEO plugin. -->","yoast_head_json":{"title":"ACTIVITIES - Camping Hyatt Tata","robots":{"index":"index","follow":"follow","max-snippet":"max-snippet:-1","max-image-preview":"max-image-preview:large","max-video-preview":"max-video-preview:-1"},"canonical":"https:\/\/www.campinghyatt-tata.com\/activities-and-excursions\/","og_locale":"fr_FR","og_type":"article","og_title":"ACTIVITIES - Camping Hyatt Tata","og_description":"[vc_row full_width=\u00a0\u00bbstretch_row\u00a0\u00bb css=\u00a0\u00bb.vc_custom_1528429976664{background-color: #06143e !important;}\u00a0\u00bb][vc_column width=\u00a0\u00bb1\/6&Prime;][\/vc_column][vc_column width=\u00a0\u00bb2\/3&Prime;][vc_column_text] Activit\u00e9s \u00e9tonnantes et excursions sur demande pour d\u00e9couvrir TATA et sa culture [\/vc_column_text][\/vc_column][vc_column width=\u00a0\u00bb1\/6&Prime;][\/vc_column][\/vc_row][vc_row full_width=\u00a0\u00bbstretch_row\u00a0\u00bb css=\u00a0\u00bb.vc_custom_1528429976664{background-color: #06143e !important;}\u00a0\u00bb][vc_column][vc_masonry_media_grid element_width=\u00a0\u00bb6&Prime; [\u2026]","og_url":"https:\/\/www.campinghyatt-tata.com\/activities-and-excursions\/","og_site_name":"Camping Hyatt Tata","article_publisher":"https:\/\/www.facebook.com\/Camping-Hayat-Tata-167969174047759\/","article_modified_time":"2018-06-11T01:57:42+00:00","twitter_card":"summary_large_image","twitter_misc":{"Dur\u00e9e de lecture estim\u00e9e":"1 minute"},"schema":{"@context":"https:\/\/schema.org","@graph":[{"@type":"WebPage","@id":"https:\/\/www.campinghyatt-tata.com\/activities-and-excursions\/","url":"https:\/\/www.campinghyatt-tata.com\/activities-and-excursions\/","name":"ACTIVITIES - Camping Hyatt Tata","isPartOf":{"@id":"https:\/\/www.campinghyatt-tata.com\/#website"},"datePublished":"2018-06-09T00:17:13+00:00","dateModified":"2018-06-11T01:57:42+00:00","breadcrumb":{"@id":"https:\/\/www.campinghyatt-tata.com\/activities-and-excursions\/#breadcrumb"},"inLanguage":"fr-FR","potentialAction":[{"@type":"ReadAction","target":["https:\/\/www.campinghyatt-tata.com\/activities-and-excursions\/"]}]},{"@type":"BreadcrumbList","@id":"https:\/\/www.campinghyatt-tata.com\/activities-and-excursions\/#breadcrumb","itemListElement":[{"@type":"ListItem","position":1,"name":"Home","item":"https:\/\/www.campinghyatt-tata.com\/fr\/"},{"@type":"ListItem","position":2,"name":"ACTIVITIES"}]},{"@type":"WebSite","@id":"https:\/\/www.campinghyatt-tata.com\/#website","url":"https:\/\/www.campinghyatt-tata.com\/","name":"Camping Hayat Tata","description":"","publisher":{"@id":"https:\/\/www.campinghyatt-tata.com\/#organization"},"potentialAction":[{"@type":"SearchAction","target":{"@type":"EntryPoint","urlTemplate":"https:\/\/www.campinghyatt-tata.com\/?s={search_term_string}"},"query-input":{"@type":"PropertyValueSpecification","valueRequired":true,"valueName":"search_term_string"}}],"inLanguage":"fr-FR"},{"@type":"Organization","@id":"https:\/\/www.campinghyatt-tata.com\/#organization","name":"Camping TATA Hayat","url":"https:\/\/www.campinghyatt-tata.com\/","logo":{"@type":"ImageObject","inLanguage":"fr-FR","@id":"https:\/\/www.campinghyatt-tata.com\/#\/schema\/logo\/image\/","url":"https:\/\/www.campinghyatt-tata.com\/wp-content\/uploads\/2018\/06\/logopng.png","contentUrl":"https:\/\/www.campinghyatt-tata.com\/wp-content\/uploads\/2018\/06\/logopng.png","width":160,"height":67,"caption":"Camping TATA Hayat"},"image":{"@id":"https:\/\/www.campinghyatt-tata.com\/#\/schema\/logo\/image\/"},"sameAs":["https:\/\/www.facebook.com\/Camping-Hayat-Tata-167969174047759\/"]}]}},"_links":{"self":[{"href":"https:\/\/www.campinghyatt-tata.com\/fr\/wp-json\/wp\/v2\/pages\/808","targetHints":{"allow":["GET"]}}],"collection":[{"href":"https:\/\/www.campinghyatt-tata.com\/fr\/wp-json\/wp\/v2\/pages"}],"about":[{"href":"https:\/\/www.campinghyatt-tata.com\/fr\/wp-json\/wp\/v2\/types\/page"}],"author":[{"embeddable":true,"href":"https:\/\/www.campinghyatt-tata.com\/fr\/wp-json\/wp\/v2\/users\/3"}],"replies":[{"embeddable":true,"href":"https:\/\/www.campinghyatt-tata.com\/fr\/wp-json\/wp\/v2\/comments?post=808"}],"version-history":[{"count":3,"href":"https:\/\/www.campinghyatt-tata.com\/fr\/wp-json\/wp\/v2\/pages\/808\/revisions"}],"predecessor-version":[{"id":1426,"href":"https:\/\/www.campinghyatt-tata.com\/fr\/wp-json\/wp\/v2\/pages\/808\/revisions\/1426"}],"wp:attachment":[{"href":"https:\/\/www.campinghyatt-tata.com\/fr\/wp-json\/wp\/v2\/media?parent=808"}],"curies":[{"name":"wp","href":"https:\/\/api.w.org\/{rel}","templated":true}]}}