{"id":1264,"date":"2018-06-08T20:26:49","date_gmt":"2018-06-09T00:26:49","guid":{"rendered":"http:\/\/www.campinghyatt-tata.com\/?page_id=1264\/"},"modified":"2018-06-10T21:53:14","modified_gmt":"2018-06-11T01:53:14","slug":"prices","status":"publish","type":"page","link":"https:\/\/www.campinghyatt-tata.com\/fr\/prices\/","title":{"rendered":"PRICES"},"content":{"rendered":"<p>[vc_row full_width=\u00a0\u00bbstretch_row\u00a0\u00bb css=\u00a0\u00bb.vc_custom_1528429976664{background-color: #06143e !important;}\u00a0\u00bb][vc_column width=\u00a0\u00bb1\/6&Prime;][\/vc_column][vc_column width=\u00a0\u00bb2\/3&Prime;][vc_column_text]<\/p>\n<p class=\"pricestable\" style=\"color: #ede3db; font-weight: 400 !important;\">Profitez de nos offres promotionnelles pour des s\u00e9jours de plus d&rsquo;un mois. Renseignements sur place, par t\u00e9l\u00e9phone ou par mail.<\/p>\n<p>[\/vc_column_text][vc_column_text]\n<table id=\"tablepress-7\" class=\"tablepress tablepress-id-7 pricestable\">\n<tbody class=\"row-striping row-hover\">\n<tr class=\"row-1\">\n\t<td class=\"column-1\"><strong>Emplacement <br \/>\n<\/strong><\/td><td class=\"column-2\"><\/td>\n<\/tr>\n<tr class=\"row-2\">\n\t<td class=\"column-1\">Caravan \/ Camping-Car<\/td><td class=\"column-2\">85 DH <strong>(8,5 EUR)<\/strong> par jour de 1 \u00e0 15 jours<\/td>\n<\/tr>\n<tr class=\"row-3\">\n\t<td class=\"column-1\"><\/td><td class=\"column-2\">80 DH <strong>(8 EUR)<\/strong> par jour de 16 \u00e0 30 jours<\/td>\n<\/tr>\n<tr class=\"row-4\">\n\t<td class=\"column-1\"><\/td><td class=\"column-2\">75 DH <strong>(7,5 EUR)<\/strong> par jour dh plus de 30 jours<\/td>\n<\/tr>\n<tr class=\"row-5\">\n\t<td class=\"column-1\">Electricit\u00e9                                                                                           <\/td><td class=\"column-2\">00 DH <strong>(00EUR)<\/td>\n<\/tr>\n<tr class=\"row-6\">\n\t<td class=\"column-1\">Personne extra                                                                                        <\/td><td class=\"column-2\">40 DH <strong>(4 EUR)<\/td>\n<\/tr>\n<tr class=\"row-7\">\n\t<td class=\"column-1\"><strong>Tentes nomades  et bivouac<br \/>\n<\/strong><\/td><td class=\"column-2\"><\/td>\n<\/tr>\n<tr class=\"row-8\">\n\t<td class=\"column-1\">Tentes Nomade  pour 2 personnes max<\/td><td class=\"column-2\">250 DH <strong>(25 EUR)<\/td>\n<\/tr>\n<tr class=\"row-9\">\n\t<td class=\"column-1\"><strong> Chambres Maison d\u2019h\u00f4te<br \/>\n<\/strong><\/td><td class=\"column-2\"><\/td>\n<\/tr>\n<tr class=\"row-10\">\n\t<td class=\"column-1\">Chambre simple pour 2 personnes<\/td><td class=\"column-2\">200 DH <strong>(20 EUR)<\/td>\n<\/tr>\n<tr class=\"row-11\">\n\t<td class=\"column-1\">Caf\u00e9 Restaurant<\/td><td class=\"column-2\">sur command<\/td>\n<\/tr>\n<tr class=\"row-12\">\n\t<td class=\"column-1\">Excursions<\/td><td class=\"column-2\">sur command<\/td>\n<\/tr>\n<tr class=\"row-13\">\n\t<td class=\"column-1\">Animation et dinner gala<\/td><td class=\"column-2\">sur command<\/td>\n<\/tr>\n<tr class=\"row-14\">\n\t<td class=\"column-1\"><strong>Services et prestations<\/strong><\/td><td class=\"column-2\"><\/td>\n<\/tr>\n<tr class=\"row-15\">\n\t<td class=\"column-1\">Machines \u00e0 laver 7 kg<\/td><td class=\"column-2\">50 DH <strong>(5 EUR)<\/td>\n<\/tr>\n<tr class=\"row-16\">\n\t<td class=\"column-1\">Douches chaudes<\/td><td class=\"column-2\">10 DH <strong>(1 EUR)<\/td>\n<\/tr>\n<tr class=\"row-17\">\n\t<td class=\"column-1\">D\u00e9p\u00f4t de pain<\/td><td class=\"column-2\">sur command<\/td>\n<\/tr>\n<tr class=\"row-18\">\n\t<td class=\"column-1\">D\u00e9p\u00f4t d\u2019eaux min\u00e9rales<br \/>\n<\/td><td class=\"column-2\">sur command<\/td>\n<\/tr>\n<tr class=\"row-19\">\n\t<td class=\"column-1\"><strong>Services gratuits<\/strong><\/td><td class=\"column-2\"><\/td>\n<\/tr>\n<tr class=\"row-20\">\n\t<td class=\"column-1\">WiFi<br \/>\n<\/td><td class=\"column-2\">Gratuit<\/td>\n<\/tr>\n<tr class=\"row-21\">\n\t<td class=\"column-1\">Sanitaires<\/td><td class=\"column-2\">Gratuit<\/td>\n<\/tr>\n<tr class=\"row-22\">\n\t<td class=\"column-1\">Vidange cassette<\/td><td class=\"column-2\">Gratuit<\/td>\n<\/tr>\n<tr class=\"row-23\">\n\t<td class=\"column-1\">Bac \u00e0 linge<\/td><td class=\"column-2\">Gratuit<\/td>\n<\/tr>\n<\/tbody>\n<\/table>\n[\/vc_column_text][\/vc_column][vc_column width=\u00a0\u00bb1\/6&Prime;][\/vc_column][\/vc_row][vc_row full_width=\u00a0\u00bbstretch_row_content\u00a0\u00bb content_placement=\u00a0\u00bbmiddle\u00a0\u00bb css=\u00a0\u00bb.vc_custom_1528475544808{background-image: url(http:\/\/www.campinghyatt-tata.com\/wp-content\/uploads\/2018\/06\/footert2.jpg?id=436) !important;background-position: 0 0 !important;background-repeat: no-repeat !important;}\u00a0\u00bb][vc_column width=\u00a0\u00bb1\/6&Prime;][\/vc_column][vc_column width=\u00a0\u00bb2\/3&Prime;][vc_column_text css=\u00a0\u00bb.vc_custom_1528681323275{margin-bottom: 0px !important;}\u00a0\u00bb]<\/p>\n<h2 style=\"text-align: center; color: #ede3db;\">Contactez-nous<\/h2>\n<p>[\/vc_column_text][vc_empty_space height=\u00a0\u00bb10px\u00a0\u00bb][vc_raw_html el_id=\u00a0\u00bbcalderastyle\u00a0\u00bb]JTVCY2FsZGVyYV9mb3JtJTIwaWQlM0QlMjJDRjViMTgyNGJmOWIzNTUlMjIlNUQ=[\/vc_raw_html][\/vc_column][vc_column width=\u00a0\u00bb1\/6&Prime;][\/vc_column][\/vc_row]<\/p>\n","protected":false},"excerpt":{"rendered":"<p>[vc_row full_width=\u00a0\u00bbstretch_row\u00a0\u00bb css=\u00a0\u00bb.vc_custom_1528429976664{background-color: #06143e !important;}\u00a0\u00bb][vc_column width=\u00a0\u00bb1\/6&Prime;][\/vc_column][vc_column width=\u00a0\u00bb2\/3&Prime;][vc_column_text] Profitez de nos offres promotionnelles pour des s\u00e9jours de plus d&rsquo;un mois. Renseignements sur place, par t\u00e9l\u00e9phone ou par<span class=\"excerpt-hellip\"> [\u2026]<\/span><\/p>\n","protected":false},"author":3,"featured_media":0,"parent":0,"menu_order":0,"comment_status":"closed","ping_status":"closed","template":"","meta":{"inline_featured_image":false,"_exactmetrics_skip_tracking":false,"_exactmetrics_sitenote_active":false,"_exactmetrics_sitenote_note":"","_exactmetrics_sitenote_category":0,"_monsterinsights_skip_tracking":false,"_monsterinsights_sitenote_active":false,"_monsterinsights_sitenote_note":"","_monsterinsights_sitenote_category":0,"_vp_format_video_url":"","_vp_image_focal_point":[],"footnotes":""},"class_list":["post-1264","page","type-page","status-publish","hentry"],"yoast_head":"<!-- This site is optimized with the Yoast SEO plugin v26.4 - https:\/\/yoast.com\/wordpress\/plugins\/seo\/ -->\n<title>PRICES - Camping Hyatt Tata<\/title>\n<meta name=\"robots\" content=\"index, follow, max-snippet:-1, max-image-preview:large, max-video-preview:-1\" \/>\n<link rel=\"canonical\" href=\"https:\/\/www.campinghyatt-tata.com\/prices\/\" \/>\n<meta property=\"og:locale\" content=\"fr_FR\" \/>\n<meta property=\"og:type\" content=\"article\" \/>\n<meta property=\"og:title\" content=\"PRICES - Camping Hyatt Tata\" \/>\n<meta property=\"og:description\" content=\"[vc_row full_width=\u00a0\u00bbstretch_row\u00a0\u00bb css=\u00a0\u00bb.vc_custom_1528429976664{background-color: #06143e !important;}\u00a0\u00bb][vc_column width=\u00a0\u00bb1\/6&Prime;][\/vc_column][vc_column width=\u00a0\u00bb2\/3&Prime;][vc_column_text] Profitez de nos offres promotionnelles pour des s\u00e9jours de plus d&rsquo;un mois. Renseignements sur place, par t\u00e9l\u00e9phone ou par [\u2026]\" \/>\n<meta property=\"og:url\" content=\"https:\/\/www.campinghyatt-tata.com\/prices\/\" \/>\n<meta property=\"og:site_name\" content=\"Camping Hyatt Tata\" \/>\n<meta property=\"article:publisher\" content=\"https:\/\/www.facebook.com\/Camping-Hayat-Tata-167969174047759\/\" \/>\n<meta property=\"article:modified_time\" content=\"2018-06-11T01:53:14+00:00\" \/>\n<meta name=\"twitter:card\" content=\"summary_large_image\" \/>\n<meta name=\"twitter:label1\" content=\"Dur\u00e9e de lecture estim\u00e9e\" \/>\n\t<meta name=\"twitter:data1\" content=\"1 minute\" \/>\n<script type=\"application\/ld+json\" class=\"yoast-schema-graph\">{\"@context\":\"https:\/\/schema.org\",\"@graph\":[{\"@type\":\"WebPage\",\"@id\":\"https:\/\/www.campinghyatt-tata.com\/prices\/\",\"url\":\"https:\/\/www.campinghyatt-tata.com\/prices\/\",\"name\":\"PRICES - Camping Hyatt Tata\",\"isPartOf\":{\"@id\":\"https:\/\/www.campinghyatt-tata.com\/#website\"},\"datePublished\":\"2018-06-09T00:26:49+00:00\",\"dateModified\":\"2018-06-11T01:53:14+00:00\",\"breadcrumb\":{\"@id\":\"https:\/\/www.campinghyatt-tata.com\/prices\/#breadcrumb\"},\"inLanguage\":\"fr-FR\",\"potentialAction\":[{\"@type\":\"ReadAction\",\"target\":[\"https:\/\/www.campinghyatt-tata.com\/prices\/\"]}]},{\"@type\":\"BreadcrumbList\",\"@id\":\"https:\/\/www.campinghyatt-tata.com\/prices\/#breadcrumb\",\"itemListElement\":[{\"@type\":\"ListItem\",\"position\":1,\"name\":\"Home\",\"item\":\"https:\/\/www.campinghyatt-tata.com\/fr\/\"},{\"@type\":\"ListItem\",\"position\":2,\"name\":\"PRICES\"}]},{\"@type\":\"WebSite\",\"@id\":\"https:\/\/www.campinghyatt-tata.com\/#website\",\"url\":\"https:\/\/www.campinghyatt-tata.com\/\",\"name\":\"Camping Hayat Tata\",\"description\":\"\",\"publisher\":{\"@id\":\"https:\/\/www.campinghyatt-tata.com\/#organization\"},\"potentialAction\":[{\"@type\":\"SearchAction\",\"target\":{\"@type\":\"EntryPoint\",\"urlTemplate\":\"https:\/\/www.campinghyatt-tata.com\/?s={search_term_string}\"},\"query-input\":{\"@type\":\"PropertyValueSpecification\",\"valueRequired\":true,\"valueName\":\"search_term_string\"}}],\"inLanguage\":\"fr-FR\"},{\"@type\":\"Organization\",\"@id\":\"https:\/\/www.campinghyatt-tata.com\/#organization\",\"name\":\"Camping TATA Hayat\",\"url\":\"https:\/\/www.campinghyatt-tata.com\/\",\"logo\":{\"@type\":\"ImageObject\",\"inLanguage\":\"fr-FR\",\"@id\":\"https:\/\/www.campinghyatt-tata.com\/#\/schema\/logo\/image\/\",\"url\":\"https:\/\/www.campinghyatt-tata.com\/wp-content\/uploads\/2018\/06\/logopng.png\",\"contentUrl\":\"https:\/\/www.campinghyatt-tata.com\/wp-content\/uploads\/2018\/06\/logopng.png\",\"width\":160,\"height\":67,\"caption\":\"Camping TATA Hayat\"},\"image\":{\"@id\":\"https:\/\/www.campinghyatt-tata.com\/#\/schema\/logo\/image\/\"},\"sameAs\":[\"https:\/\/www.facebook.com\/Camping-Hayat-Tata-167969174047759\/\"]}]}<\/script>\n<!-- \/ Yoast SEO plugin. -->","yoast_head_json":{"title":"PRICES - Camping Hyatt Tata","robots":{"index":"index","follow":"follow","max-snippet":"max-snippet:-1","max-image-preview":"max-image-preview:large","max-video-preview":"max-video-preview:-1"},"canonical":"https:\/\/www.campinghyatt-tata.com\/prices\/","og_locale":"fr_FR","og_type":"article","og_title":"PRICES - Camping Hyatt Tata","og_description":"[vc_row full_width=\u00a0\u00bbstretch_row\u00a0\u00bb css=\u00a0\u00bb.vc_custom_1528429976664{background-color: #06143e !important;}\u00a0\u00bb][vc_column width=\u00a0\u00bb1\/6&Prime;][\/vc_column][vc_column width=\u00a0\u00bb2\/3&Prime;][vc_column_text] Profitez de nos offres promotionnelles pour des s\u00e9jours de plus d&rsquo;un mois. Renseignements sur place, par t\u00e9l\u00e9phone ou par [\u2026]","og_url":"https:\/\/www.campinghyatt-tata.com\/prices\/","og_site_name":"Camping Hyatt Tata","article_publisher":"https:\/\/www.facebook.com\/Camping-Hayat-Tata-167969174047759\/","article_modified_time":"2018-06-11T01:53:14+00:00","twitter_card":"summary_large_image","twitter_misc":{"Dur\u00e9e de lecture estim\u00e9e":"1 minute"},"schema":{"@context":"https:\/\/schema.org","@graph":[{"@type":"WebPage","@id":"https:\/\/www.campinghyatt-tata.com\/prices\/","url":"https:\/\/www.campinghyatt-tata.com\/prices\/","name":"PRICES - Camping Hyatt Tata","isPartOf":{"@id":"https:\/\/www.campinghyatt-tata.com\/#website"},"datePublished":"2018-06-09T00:26:49+00:00","dateModified":"2018-06-11T01:53:14+00:00","breadcrumb":{"@id":"https:\/\/www.campinghyatt-tata.com\/prices\/#breadcrumb"},"inLanguage":"fr-FR","potentialAction":[{"@type":"ReadAction","target":["https:\/\/www.campinghyatt-tata.com\/prices\/"]}]},{"@type":"BreadcrumbList","@id":"https:\/\/www.campinghyatt-tata.com\/prices\/#breadcrumb","itemListElement":[{"@type":"ListItem","position":1,"name":"Home","item":"https:\/\/www.campinghyatt-tata.com\/fr\/"},{"@type":"ListItem","position":2,"name":"PRICES"}]},{"@type":"WebSite","@id":"https:\/\/www.campinghyatt-tata.com\/#website","url":"https:\/\/www.campinghyatt-tata.com\/","name":"Camping Hayat Tata","description":"","publisher":{"@id":"https:\/\/www.campinghyatt-tata.com\/#organization"},"potentialAction":[{"@type":"SearchAction","target":{"@type":"EntryPoint","urlTemplate":"https:\/\/www.campinghyatt-tata.com\/?s={search_term_string}"},"query-input":{"@type":"PropertyValueSpecification","valueRequired":true,"valueName":"search_term_string"}}],"inLanguage":"fr-FR"},{"@type":"Organization","@id":"https:\/\/www.campinghyatt-tata.com\/#organization","name":"Camping TATA Hayat","url":"https:\/\/www.campinghyatt-tata.com\/","logo":{"@type":"ImageObject","inLanguage":"fr-FR","@id":"https:\/\/www.campinghyatt-tata.com\/#\/schema\/logo\/image\/","url":"https:\/\/www.campinghyatt-tata.com\/wp-content\/uploads\/2018\/06\/logopng.png","contentUrl":"https:\/\/www.campinghyatt-tata.com\/wp-content\/uploads\/2018\/06\/logopng.png","width":160,"height":67,"caption":"Camping TATA Hayat"},"image":{"@id":"https:\/\/www.campinghyatt-tata.com\/#\/schema\/logo\/image\/"},"sameAs":["https:\/\/www.facebook.com\/Camping-Hayat-Tata-167969174047759\/"]}]}},"_links":{"self":[{"href":"https:\/\/www.campinghyatt-tata.com\/fr\/wp-json\/wp\/v2\/pages\/1264","targetHints":{"allow":["GET"]}}],"collection":[{"href":"https:\/\/www.campinghyatt-tata.com\/fr\/wp-json\/wp\/v2\/pages"}],"about":[{"href":"https:\/\/www.campinghyatt-tata.com\/fr\/wp-json\/wp\/v2\/types\/page"}],"author":[{"embeddable":true,"href":"https:\/\/www.campinghyatt-tata.com\/fr\/wp-json\/wp\/v2\/users\/3"}],"replies":[{"embeddable":true,"href":"https:\/\/www.campinghyatt-tata.com\/fr\/wp-json\/wp\/v2\/comments?post=1264"}],"version-history":[{"count":3,"href":"https:\/\/www.campinghyatt-tata.com\/fr\/wp-json\/wp\/v2\/pages\/1264\/revisions"}],"predecessor-version":[{"id":1424,"href":"https:\/\/www.campinghyatt-tata.com\/fr\/wp-json\/wp\/v2\/pages\/1264\/revisions\/1424"}],"wp:attachment":[{"href":"https:\/\/www.campinghyatt-tata.com\/fr\/wp-json\/wp\/v2\/media?parent=1264"}],"curies":[{"name":"wp","href":"https:\/\/api.w.org\/{rel}","templated":true}]}}